{"id":1683,"date":"2023-10-10T10:41:41","date_gmt":"2023-10-10T10:41:41","guid":{"rendered":"http:\/\/eigenwebsitebouwer.nl\/bedingungen-und-konditionen\/"},"modified":"2023-10-31T13:41:41","modified_gmt":"2023-10-31T13:41:41","slug":"bedingungen-und-konditionen","status":"publish","type":"page","link":"https:\/\/vakantiehuisstobben.nl\/de\/bedingungen-und-konditionen\/","title":{"rendered":"Bedingungen und Konditionen"},"content":{"rendered":"\n<p><strong>Preise und Bedingungen:<\/strong><\/p>\n\n\n\n<p>Das Ferienhaus Stobben kann das ganze Jahr \u00fcber gemietet werden. Wir unterscheiden zwischen Preisen in der Vor- und Hauptsaison, die mit den Schulferien zusammenh\u00e4ngen. Unsere Preise beinhalten die Energiekosten f\u00fcr den normalen Gebrauch und schlie\u00dfen die Kurtaxe aus. Maximal 8 Personen k\u00f6nnen in unserem Ferienhaus wohnen.<\/p>\n\n\n\n<p>Die Feiertage und andere Tage der Hochsaison sind standardm\u00e4\u00dfig auf dieser Website angegeben. Sie k\u00f6nnen auch direkt sehen, wann Ferienhaus de Stobben verf\u00fcgbar ist. Wenn Sie weitere Fragen, W\u00fcnsche oder Kommentare haben, kontaktieren Sie uns bitte \u00fcber info@vakantiehuisstobben.nl oder rufen Sie 06 254 255 01 an.<\/p>\n\n\n\n<p><strong>Nebensaison:<\/strong><\/p>\n\n\n\n<p>Grundpreis t \/ m 8 Pers.: \u20ac 198,75 pro Nacht<\/p>\n\n\n\n<p><strong>Hochsaison<\/strong><\/p>\n\n\n\n<p>Grundpreis t \/ m 8 Pers. 248,75 \u20ac pro Nacht<\/p>\n\n\n\n<p><strong>Die folgenden Kosten sind automatisch im Gesamtbetrag enthalten:<\/strong><\/p>\n\n\n\n<p>Endreinigung \u20ac 75,00<\/p>\n\n\n\n<p>Reservierung: \u20ac 19,50<\/p>\n\n\n\n<p>Kaution: \u20ac 175,00 (wird zur\u00fcckerstattet, wenn das Haus sauber verlassen wird!)<\/p>\n\n\n\n<p>Kurtaxe: \u20ac 2,04 p.P. pro Nacht<\/p>\n\n\n\n<p>(Maximal) 1 Hund ist in Absprache m\u00f6glich. Die zus\u00e4tzlichen Kosten betragen 7,- pro Hund und Tag.<\/p>\n\n\n\n<p>Bettdecken, Bettbez\u00fcge, Kopfkissen, Bad- und K\u00fcchenw\u00e4sche werden gestellt.<\/p>\n\n\n\n<p>Nachdem wir Ihre Reservierung erhalten haben und Sie per \u00dcberweisung bezahlt haben, wird Ihre Reservierung endg\u00fcltig.<\/p>\n\n\n\n<p>Im Falle einer Last-Minute-Buchung k\u00f6nnen andere Vereinbarungen getroffen werden.<\/p>\n\n\n\n<p>Sie mieten das Ferienhaus Stobben ganz auf eigene Verantwortung, ebenso wie die Nutzung des Gartens, der<\/p>\n","protected":false},"excerpt":{"rendered":"<p>Preise und Bedingungen: Das Ferienhaus Stobben kann das ganze Jahr \u00fcber gemietet werden. Wir unterscheiden zwischen Preisen in der Vor- und Hauptsaison, die mit den Schulferien zusammenh\u00e4ngen. Unsere Preise beinhalten die Energiekosten f\u00fcr den normalen Gebrauch und schlie\u00dfen die Kurtaxe aus. Maximal 8 Personen k\u00f6nnen in unserem Ferienhaus wohnen. Die Feiertage und andere Tage der [&hellip;]<\/p>\n","protected":false},"author":1,"featured_media":0,"parent":0,"menu_order":0,"comment_status":"closed","ping_status":"closed","template":"","meta":{"inline_featured_image":false,"footnotes":""},"class_list":["post-1683","page","type-page","status-publish","hentry"],"_links":{"self":[{"href":"https:\/\/vakantiehuisstobben.nl\/de\/wp-json\/wp\/v2\/pages\/1683","targetHints":{"allow":["GET"]}}],"collection":[{"href":"https:\/\/vakantiehuisstobben.nl\/de\/wp-json\/wp\/v2\/pages"}],"about":[{"href":"https:\/\/vakantiehuisstobben.nl\/de\/wp-json\/wp\/v2\/types\/page"}],"author":[{"embeddable":true,"href":"https:\/\/vakantiehuisstobben.nl\/de\/wp-json\/wp\/v2\/users\/1"}],"replies":[{"embeddable":true,"href":"https:\/\/vakantiehuisstobben.nl\/de\/wp-json\/wp\/v2\/comments?post=1683"}],"version-history":[{"count":5,"href":"https:\/\/vakantiehuisstobben.nl\/de\/wp-json\/wp\/v2\/pages\/1683\/revisions"}],"predecessor-version":[{"id":2056,"href":"https:\/\/vakantiehuisstobben.nl\/de\/wp-json\/wp\/v2\/pages\/1683\/revisions\/2056"}],"wp:attachment":[{"href":"https:\/\/vakantiehuisstobben.nl\/de\/wp-json\/wp\/v2\/media?parent=1683"}],"curies":[{"name":"wp","href":"https:\/\/api.w.org\/{rel}","templated":true}]}}