{"id":1971,"date":"2023-10-10T11:20:59","date_gmt":"2023-10-10T11:20:59","guid":{"rendered":"http:\/\/eigenwebsitebouwer.nl\/home\/"},"modified":"2023-10-26T14:34:28","modified_gmt":"2023-10-26T14:34:28","slug":"home","status":"publish","type":"page","link":"https:\/\/vakantiehuisstobben.nl\/de\/","title":{"rendered":"Home"},"content":{"rendered":"\n<div class=\"wp-block-getwid-section alignfull alignfull getwid-margin-bottom-none\"><div class=\"wp-block-getwid-section__wrapper getwid-padding-left-normal getwid-padding-right-normal getwid-padding-mobile-left-small getwid-padding-mobile-right-small\" style=\"min-height:80vh\"><div class=\"wp-block-getwid-section__divider is-bottom-divider\"><svg style=\"height:70px\" x=\"0px\" y=\"0px\" viewBox=\"0 0 2600 130\" preserveAspectRatio=\"none\" class=\"wp-block-getwid-section__divider-svg\"><polygon fill=\"#ffffff\" class=\"wp-block-getwid-section__divider-svg-fill\" points=\"2600,65 0,1 0,0 2600,0 \"><\/polygon><rect fill=\"#ffffff\" class=\"wp-block-getwid-section__divider-svg-fill\" opacity=\"0.5\" width=\"2600\" height=\"65\"><\/rect><polygon fill=\"#ffffff\" class=\"wp-block-getwid-section__divider-svg-fill\" opacity=\"0.5\" points=\"2600,65 0,129 0,0 2600,0 \"><\/polygon><\/svg><\/div><div class=\"wp-block-getwid-section__inner-wrapper\"><div class=\"wp-block-getwid-section__background-holder\"><div class=\"wp-block-getwid-section__background\" style=\"background-image:url('http:\/\/vakantiehuisstobben.nl\/wp-content\/uploads\/2023\/07\/bg.jpg')\"><div class=\"wp-block-getwid-section__background-image-wrapper\"><img decoding=\"async\" class=\"wp-block-getwid-section__background-image\" src=\"http:\/\/vakantiehuisstobben.nl\/wp-content\/uploads\/2023\/07\/bg.jpg\" alt=\"\"\/><\/div><\/div><div class=\"wp-block-getwid-section__foreground\"><\/div><\/div><div class=\"wp-block-getwid-section__content\"><div class=\"wp-block-getwid-section__inner-content\">\n<div class=\"wp-block-getwid-section getwid-section-content-custom-width\"><div class=\"wp-block-getwid-section__wrapper getwid-padding-top-none getwid-padding-bottom-none getwid-padding-left-none getwid-padding-right-none getwid-justify-content-flex-start\"><div class=\"wp-block-getwid-section__inner-wrapper\" style=\"max-width:700px\"><div class=\"wp-block-getwid-section__background-holder\"><div class=\"wp-block-getwid-section__background\"><\/div><div class=\"wp-block-getwid-section__foreground\"><\/div><\/div><div class=\"wp-block-getwid-section__content\"><div class=\"wp-block-getwid-section__inner-content\">\n<div class=\"wp-block-getwid-advanced-heading is-style-with-shadow has-custom-font-size\" style=\"font-size:54px;margin-bottom:40px;margin-top:20px\"><h2 class=\"wp-block-getwid-advanced-heading__content has-text-color has-white-color\" style=\"font-family:\"Libre Baskerville\";font-weight:normal;line-height:1.2em\">Willkommen im Ferienhaus Stobben<\/h2><\/div>\n\n\n\n<div class=\"wp-block-getwid-section getwid-section-content-custom-width\"><div class=\"wp-block-getwid-section__wrapper getwid-padding-top-none getwid-padding-bottom-none getwid-padding-left-none getwid-padding-right-none getwid-align-items-flex-start getwid-justify-content-flex-start\"><div class=\"wp-block-getwid-section__inner-wrapper\" style=\"max-width:500px\"><div class=\"wp-block-getwid-section__background-holder\"><div class=\"wp-block-getwid-section__background\"><\/div><div class=\"wp-block-getwid-section__foreground\"><\/div><\/div><div class=\"wp-block-getwid-section__content\"><div class=\"wp-block-getwid-section__inner-content\">\n<p class=\"has-white-color has-text-color\">Schauen Sie sich dieses sch\u00f6ne Ferienhaus in Bourtange an, genie\u00dfen Sie Erholung und die Umgebung! \u00dcberzeugen Sie sich selbst<\/p>\n<\/div><\/div><\/div><\/div><\/div>\n<\/div><\/div><\/div><\/div><\/div>\n<\/div><\/div><\/div><\/div><\/div>\n\n\n\n<div class=\"wp-block-getwid-section alignfull alignfull getwid-margin-bottom-none\"><div class=\"wp-block-getwid-section__wrapper getwid-padding-top-small getwid-padding-bottom-medium getwid-padding-left-normal getwid-padding-right-normal getwid-padding-mobile-left-small getwid-padding-mobile-right-small\"><div class=\"wp-block-getwid-section__inner-wrapper\"><div class=\"wp-block-getwid-section__background-holder\"><div class=\"wp-block-getwid-section__background has-background has-white-background-color\"><\/div><div class=\"wp-block-getwid-section__foreground\"><\/div><\/div><div class=\"wp-block-getwid-section__content\"><div class=\"wp-block-getwid-section__inner-content\">\n<div class=\"wp-block-getwid-section getwid-section-content-custom-width\"><div class=\"wp-block-getwid-section__wrapper getwid-padding-top-none getwid-padding-bottom-none getwid-padding-left-none getwid-padding-right-none getwid-justify-content-flex-start\"><div class=\"wp-block-getwid-section__inner-wrapper\" style=\"max-width:1140px\"><div class=\"wp-block-getwid-section__background-holder\"><div class=\"wp-block-getwid-section__background\"><\/div><div class=\"wp-block-getwid-section__foreground\"><\/div><\/div><div class=\"wp-block-getwid-section__content\"><div class=\"wp-block-getwid-section__inner-content\"><div class=\"mphb_sc_search-wrapper is-style-horizontal-equal\"><form method=\"GET\" class=\"mphb_sc_search-form\" action=\"https:\/\/vakantiehuisstobben.nl\/de\/suchergebnisse-2\/\">\n\n\t\n\t<p class=\"mphb_sc_search-check-in-date\">\n\t\t<label for=\"mphb_check_in_date-mphb-search-form-69e7c4790f0a2\">\n\t\t\tAnreise\t\t\t<abbr title=\"Formatiert als dd\/mm\/yyyy\">*<\/abbr>\n\t\t<\/label>\n\t\t<br \/>\n\t\t<input\n\t\t\tid=\"mphb_check_in_date-mphb-search-form-69e7c4790f0a2\"\n\t\t\tdata-datepick-group=\"mphb-search-form-69e7c4790f0a2\"\n\t\t\tvalue=\"\"\n\t\t\tplaceholder=\"Anreisedatum\"\n\t\t\trequired=\"required\"\n\t\t\ttype=\"text\"\n\t\t\tinputmode=\"none\"\n\t\t\tname=\"mphb_check_in_date\"\n\t\t\tclass=\"mphb-datepick\"\n\t\t\tautocomplete=\"off\"\n\t\t\t\/>\n\t<\/p>\n\n\t<p class=\"mphb_sc_search-check-out-date\">\n\t\t<label for=\"mphb_check_out_date-mphb-search-form-69e7c4790f0a2\">\n\t\t\tAbreise\t\t\t<abbr title=\"Formatiert als dd\/mm\/yyyy\">*<\/abbr>\n\t\t<\/label>\n\t\t<br \/>\n\t\t<input\n\t\t\tid=\"mphb_check_out_date-mphb-search-form-69e7c4790f0a2\"\n\t\t\tdata-datepick-group=\"mphb-search-form-69e7c4790f0a2\"\n\t\t\tvalue=\"\"\n\t\t\tplaceholder=\"Abreisedatum\"\n\t\t\trequired=\"required\"\n\t\t\ttype=\"text\"\n\t\t\tinputmode=\"none\"\n\t\t\tname=\"mphb_check_out_date\"\n\t\t\tclass=\"mphb-datepick\"\n\t\t\tautocomplete=\"off\"\n\t\t\t\/>\n\t<\/p>\n\n\t\t\t<p class=\"mphb_sc_search-adults\">\n\t\t\t<label for=\"mphb_adults-mphb-search-form-69e7c4790f0a2\">\n\t\t\t\tG\u00e4ste\t\t\t<\/label>\n\t\t\t<br \/>\n\t\t\t<select id=\"mphb_adults-mphb-search-form-69e7c4790f0a2\" name=\"mphb_adults\" >\n\t\t\t\t\t\t\t\t\t<option value=\"1\"  selected='selected'>1<\/option>\n\t\t\t\t\t\t\t\t\t<option value=\"2\" >2<\/option>\n\t\t\t\t\t\t\t\t\t<option value=\"3\" >3<\/option>\n\t\t\t\t\t\t\t\t\t<option value=\"4\" >4<\/option>\n\t\t\t\t\t\t\t\t\t<option value=\"5\" >5<\/option>\n\t\t\t\t\t\t\t\t\t<option value=\"6\" >6<\/option>\n\t\t\t\t\t\t\t\t\t<option value=\"7\" >7<\/option>\n\t\t\t\t\t\t\t\t\t<option value=\"8\" >8<\/option>\n\t\t\t\t\t\t\t<\/select>\n\t\t<\/p>\n\t\n\t\t\t<input type=\"hidden\" id=\"mphb_children-mphb-search-form-69e7c4790f0a2\" name=\"mphb_children\" value=\"0\" \/>\n\t\n\t\n\t\n\t<input id=\"mphb_check_in_date-mphb-search-form-69e7c4790f0a2-hidden\" value=\"\" type=\"hidden\" name=\"mphb_check_in_date\" \/><input id=\"mphb_check_out_date-mphb-search-form-69e7c4790f0a2-hidden\" value=\"\" type=\"hidden\" name=\"mphb_check_out_date\" \/>\n\t<p class=\"mphb_sc_search-submit-button-wrapper\">\n\t\t<input type=\"submit\" class=\"button\" value=\"Suche\"\/>\n\t<\/p>\n\n\t\n<\/form>\n<\/div><\/div><\/div><\/div><\/div><\/div>\n<\/div><\/div><\/div><\/div><\/div>\n\n\n\n<div class=\"wp-block-getwid-section alignfull alignfull getwid-margin-bottom-none\"><div class=\"wp-block-getwid-section__wrapper getwid-padding-left-normal getwid-padding-right-normal getwid-padding-mobile-left-small getwid-padding-mobile-right-small\" style=\"padding-top:60px;padding-bottom:100px\"><div class=\"wp-block-getwid-section__inner-wrapper\"><div class=\"wp-block-getwid-section__background-holder\"><div class=\"wp-block-getwid-section__background has-background has-white-background-color\" style=\"background-image:url('http:\/\/eigenwebsitebouwer.nl\/wp-content\/uploads\/2019\/09\/bg.png');background-position:top center;background-size:auto\"><div class=\"wp-block-getwid-section__background-image-wrapper\"><img decoding=\"async\" class=\"wp-block-getwid-section__background-image\" src=\"http:\/\/eigenwebsitebouwer.nl\/wp-content\/uploads\/2019\/09\/bg.png\" alt=\"\"\/><\/div><\/div><div class=\"wp-block-getwid-section__foreground\"><\/div><\/div><div class=\"wp-block-getwid-section__content\"><div class=\"wp-block-getwid-section__inner-content\">\n<div class=\"wp-block-columns has-3-columns is-layout-flex wp-container-core-columns-is-layout-9d6595d7 wp-block-columns-is-layout-flex\">\n<div class=\"wp-block-column is-layout-flow wp-block-column-is-layout-flow\">\n<div class=\"wp-block-getwid-section\"><div class=\"wp-block-getwid-section__wrapper getwid-padding-top-none getwid-padding-bottom-none getwid-padding-left-none getwid-padding-tablet-right-none getwid-padding-mobile-bottom-medium getwid-padding-mobile-right-none getwid-reset-min-height-tablet getwid-reset-min-height-mobile\" style=\"min-height:436px;padding-right:60px\"><div class=\"wp-block-getwid-section__inner-wrapper\"><div class=\"wp-block-getwid-section__background-holder\"><div class=\"wp-block-getwid-section__background\"><\/div><div class=\"wp-block-getwid-section__foreground\"><\/div><\/div><div class=\"wp-block-getwid-section__content\"><div class=\"wp-block-getwid-section__inner-content\">\n<div class=\"wp-block-getwid-advanced-heading\" style=\"margin-bottom:5px\"><span class=\"wp-block-getwid-advanced-heading__content\">Ein sch\u00f6ner Aufenthalt in Bourtange!<\/span><\/div>\n\n\n\n<div class=\"wp-block-getwid-advanced-heading\" style=\"margin-bottom:30px\"><h2 class=\"wp-block-getwid-advanced-heading__content\">Genie\u00dfen Sie Bourtange und seine Umgebung!<\/h2><\/div>\n\n\n\n<p>Entspannen Sie sich in Ihrem Urlaub im Ferienhaus Stobben, das im sch\u00f6nen Westerwolde in der N\u00e4he der Festungsstadt Bourtange liegt. Buchen Sie jetzt und genie\u00dfen Sie einen unvergesslichen Urlaub! Buchen Sie jetzt und genie\u00dfen Sie einen unvergesslichen Urlaub!<\/p>\n\n\n\n<div class=\"wp-block-getwid-advanced-spacer\" style=\"height:20px\" aria-hidden=\"true\"><\/div>\n\n\n\n<div class=\"wp-block-button\"><a class=\"wp-block-button__link wp-element-button\" href=\"http:\/\/vakantiehuisstobben.nl\/de\/accommodation\/ferienhaus-stobben\/\">Unser Ferienhaus ansehen<\/a><\/div>\n<\/div><\/div><\/div><\/div><\/div>\n<\/div>\n\n\n\n<div class=\"wp-block-column is-layout-flow wp-block-column-is-layout-flow\">\n<figure class=\"wp-block-gallery has-nested-images columns-default is-cropped wp-block-gallery-1 is-layout-flex wp-block-gallery-is-layout-flex\">\n<figure class=\"wp-block-image size-full\"><img loading=\"lazy\" decoding=\"async\" width=\"892\" height=\"892\" data-id=\"1410\" src=\"http:\/\/vakantiehuisstobben.nl\/wp-content\/uploads\/2023\/07\/The-sage-room-1.jpg\" alt=\"\" class=\"wp-image-1410\" srcset=\"https:\/\/vakantiehuisstobben.nl\/wp-content\/uploads\/2023\/07\/The-sage-room-1.jpg 892w, https:\/\/vakantiehuisstobben.nl\/wp-content\/uploads\/2023\/07\/The-sage-room-1-300x300.jpg 300w, https:\/\/vakantiehuisstobben.nl\/wp-content\/uploads\/2023\/07\/The-sage-room-1-150x150.jpg 150w, https:\/\/vakantiehuisstobben.nl\/wp-content\/uploads\/2023\/07\/The-sage-room-1-768x768.jpg 768w\" sizes=\"auto, (max-width: 892px) 100vw, 892px\" \/><\/figure>\n<\/figure>\n<\/div>\n\n\n\n<div class=\"wp-block-column is-layout-flow wp-block-column-is-layout-flow\">\n<figure class=\"wp-block-image size-full\"><img loading=\"lazy\" decoding=\"async\" width=\"892\" height=\"892\" src=\"http:\/\/vakantiehuisstobben.nl\/wp-content\/uploads\/2023\/07\/The-garden-room-1-2.jpg\" alt=\"\" class=\"wp-image-1414\" srcset=\"https:\/\/vakantiehuisstobben.nl\/wp-content\/uploads\/2023\/07\/The-garden-room-1-2.jpg 892w, https:\/\/vakantiehuisstobben.nl\/wp-content\/uploads\/2023\/07\/The-garden-room-1-2-300x300.jpg 300w, https:\/\/vakantiehuisstobben.nl\/wp-content\/uploads\/2023\/07\/The-garden-room-1-2-150x150.jpg 150w, https:\/\/vakantiehuisstobben.nl\/wp-content\/uploads\/2023\/07\/The-garden-room-1-2-768x768.jpg 768w\" sizes=\"auto, (max-width: 892px) 100vw, 892px\" \/><\/figure>\n<\/div>\n<\/div>\n<\/div><\/div><\/div><\/div><\/div>\n","protected":false},"excerpt":{"rendered":"","protected":false},"author":1,"featured_media":0,"parent":0,"menu_order":0,"comment_status":"closed","ping_status":"closed","template":"template-canvas-page.php","meta":{"inline_featured_image":false,"footnotes":""},"class_list":["post-1971","page","type-page","status-publish","hentry"],"_links":{"self":[{"href":"https:\/\/vakantiehuisstobben.nl\/de\/wp-json\/wp\/v2\/pages\/1971","targetHints":{"allow":["GET"]}}],"collection":[{"href":"https:\/\/vakantiehuisstobben.nl\/de\/wp-json\/wp\/v2\/pages"}],"about":[{"href":"https:\/\/vakantiehuisstobben.nl\/de\/wp-json\/wp\/v2\/types\/page"}],"author":[{"embeddable":true,"href":"https:\/\/vakantiehuisstobben.nl\/de\/wp-json\/wp\/v2\/users\/1"}],"replies":[{"embeddable":true,"href":"https:\/\/vakantiehuisstobben.nl\/de\/wp-json\/wp\/v2\/comments?post=1971"}],"version-history":[{"count":2,"href":"https:\/\/vakantiehuisstobben.nl\/de\/wp-json\/wp\/v2\/pages\/1971\/revisions"}],"predecessor-version":[{"id":2030,"href":"https:\/\/vakantiehuisstobben.nl\/de\/wp-json\/wp\/v2\/pages\/1971\/revisions\/2030"}],"wp:attachment":[{"href":"https:\/\/vakantiehuisstobben.nl\/de\/wp-json\/wp\/v2\/media?parent=1971"}],"curies":[{"name":"wp","href":"https:\/\/api.w.org\/{rel}","templated":true}]}}