{"id":1978,"date":"2023-10-10T11:31:59","date_gmt":"2023-10-10T11:31:59","guid":{"rendered":"http:\/\/eigenwebsitebouwer.nl\/ueber-uns\/"},"modified":"2023-10-31T14:44:46","modified_gmt":"2023-10-31T14:44:46","slug":"ueber-uns","status":"publish","type":"page","link":"https:\/\/vakantiehuisstobben.nl\/de\/ueber-uns\/","title":{"rendered":"\u00dcber uns"},"content":{"rendered":"\n<div class=\"wp-block-columns has-3-columns is-layout-flex wp-container-core-columns-is-layout-9d6595d7 wp-block-columns-is-layout-flex\">\n<div class=\"wp-block-column is-layout-flow wp-block-column-is-layout-flow\">\n<div class=\"wp-block-getwid-advanced-heading\"><h2 class=\"wp-block-getwid-advanced-heading__content\">\u00dcber das Ferienhaus Stobben in Bourtange<\/h2><\/div>\n<\/div>\n\n\n\n<div class=\"wp-block-column is-layout-flow wp-block-column-is-layout-flow\">\n<p>Das Ferienhaus ist komplett ausgestattet und kann eine gro\u00dfe Familie (bis zu 8 Personen) beherbergen. Die Gegend bietet viele Sehensw\u00fcrdigkeiten und Aktivit\u00e4ten f\u00fcr einen gelungenen Urlaub.<\/p>\n<\/div>\n\n\n\n<div class=\"wp-block-column is-layout-flow wp-block-column-is-layout-flow\">\n<p>Das Ferienhaus bietet seinen G\u00e4sten Privatsph\u00e4re und Komfort, ganz im Einklang mit seiner nat\u00fcrlichen Umgebung. Ein Spaziergang oder eine Fahrradtour zur Vesting Bourtange ist ein Muss, um die lokale Kultur kennen zu lernen.<\/p>\n<\/div>\n<\/div>\n\n\n\n<div style=\"height:40px\" aria-hidden=\"true\" class=\"wp-block-spacer\"><\/div>\n\n\n\n<div class=\"wp-block-columns has-2-columns is-layout-flex wp-container-core-columns-is-layout-9d6595d7 wp-block-columns-is-layout-flex\">\n<div class=\"wp-block-column is-layout-flow wp-block-column-is-layout-flow\">\n<figure class=\"wp-block-image size-full\"><img loading=\"lazy\" decoding=\"async\" width=\"892\" height=\"892\" src=\"https:\/\/vakantiehuisstobben.nl\/wp-content\/uploads\/2023\/07\/The-garden-room-1-1.jpg\" alt=\"\" class=\"wp-image-1412\" srcset=\"https:\/\/vakantiehuisstobben.nl\/wp-content\/uploads\/2023\/07\/The-garden-room-1-1.jpg 892w, https:\/\/vakantiehuisstobben.nl\/wp-content\/uploads\/2023\/07\/The-garden-room-1-1-300x300.jpg 300w, https:\/\/vakantiehuisstobben.nl\/wp-content\/uploads\/2023\/07\/The-garden-room-1-1-150x150.jpg 150w, https:\/\/vakantiehuisstobben.nl\/wp-content\/uploads\/2023\/07\/The-garden-room-1-1-768x768.jpg 768w\" sizes=\"auto, (max-width: 892px) 100vw, 892px\" \/><\/figure>\n<\/div>\n\n\n\n<div class=\"wp-block-column is-layout-flow wp-block-column-is-layout-flow\">\n<figure class=\"wp-block-gallery has-nested-images columns-2 is-cropped wp-block-gallery-1 is-layout-flex wp-block-gallery-is-layout-flex\">\n<figure class=\"wp-block-image size-large\"><img loading=\"lazy\" decoding=\"async\" width=\"1024\" height=\"768\" data-id=\"1433\" src=\"https:\/\/vakantiehuisstobben.nl\/wp-content\/uploads\/2023\/07\/inhouse1-1024x768.jpeg\" alt=\"\" class=\"wp-image-1433\" srcset=\"https:\/\/vakantiehuisstobben.nl\/wp-content\/uploads\/2023\/07\/inhouse1-1024x768.jpeg 1024w, https:\/\/vakantiehuisstobben.nl\/wp-content\/uploads\/2023\/07\/inhouse1-300x225.jpeg 300w, https:\/\/vakantiehuisstobben.nl\/wp-content\/uploads\/2023\/07\/inhouse1-768x576.jpeg 768w, https:\/\/vakantiehuisstobben.nl\/wp-content\/uploads\/2023\/07\/inhouse1-1536x1152.jpeg 1536w, https:\/\/vakantiehuisstobben.nl\/wp-content\/uploads\/2023\/07\/inhouse1-2048x1536.jpeg 2048w, https:\/\/vakantiehuisstobben.nl\/wp-content\/uploads\/2023\/07\/inhouse1-892x669.jpeg 892w, https:\/\/vakantiehuisstobben.nl\/wp-content\/uploads\/2023\/07\/inhouse1-1350x1013.jpeg 1350w\" sizes=\"auto, (max-width: 1024px) 100vw, 1024px\" \/><\/figure>\n\n\n\n<figure class=\"wp-block-image size-large\"><img loading=\"lazy\" decoding=\"async\" width=\"1024\" height=\"768\" data-id=\"1434\" src=\"https:\/\/vakantiehuisstobben.nl\/wp-content\/uploads\/2023\/07\/inhouse2-1024x768.jpeg\" alt=\"\" class=\"wp-image-1434\" srcset=\"https:\/\/vakantiehuisstobben.nl\/wp-content\/uploads\/2023\/07\/inhouse2-1024x768.jpeg 1024w, https:\/\/vakantiehuisstobben.nl\/wp-content\/uploads\/2023\/07\/inhouse2-300x225.jpeg 300w, https:\/\/vakantiehuisstobben.nl\/wp-content\/uploads\/2023\/07\/inhouse2-768x576.jpeg 768w, https:\/\/vakantiehuisstobben.nl\/wp-content\/uploads\/2023\/07\/inhouse2-1536x1152.jpeg 1536w, https:\/\/vakantiehuisstobben.nl\/wp-content\/uploads\/2023\/07\/inhouse2-2048x1536.jpeg 2048w, https:\/\/vakantiehuisstobben.nl\/wp-content\/uploads\/2023\/07\/inhouse2-892x669.jpeg 892w, https:\/\/vakantiehuisstobben.nl\/wp-content\/uploads\/2023\/07\/inhouse2-1350x1013.jpeg 1350w\" sizes=\"auto, (max-width: 1024px) 100vw, 1024px\" \/><\/figure>\n\n\n\n<figure class=\"wp-block-image size-full\"><img loading=\"lazy\" decoding=\"async\" width=\"892\" height=\"892\" data-id=\"1410\" src=\"https:\/\/vakantiehuisstobben.nl\/wp-content\/uploads\/2023\/07\/The-sage-room-1.jpg\" alt=\"\" class=\"wp-image-1410\" srcset=\"https:\/\/vakantiehuisstobben.nl\/wp-content\/uploads\/2023\/07\/The-sage-room-1.jpg 892w, https:\/\/vakantiehuisstobben.nl\/wp-content\/uploads\/2023\/07\/The-sage-room-1-300x300.jpg 300w, https:\/\/vakantiehuisstobben.nl\/wp-content\/uploads\/2023\/07\/The-sage-room-1-150x150.jpg 150w, https:\/\/vakantiehuisstobben.nl\/wp-content\/uploads\/2023\/07\/The-sage-room-1-768x768.jpg 768w\" sizes=\"auto, (max-width: 892px) 100vw, 892px\" \/><\/figure>\n\n\n\n<figure class=\"wp-block-image size-full\"><img loading=\"lazy\" decoding=\"async\" width=\"768\" height=\"576\" data-id=\"1435\" src=\"https:\/\/vakantiehuisstobben.nl\/wp-content\/uploads\/2023\/07\/IMG-20230702-WA0055-768x576-1.jpg\" alt=\"\" class=\"wp-image-1435\" srcset=\"https:\/\/vakantiehuisstobben.nl\/wp-content\/uploads\/2023\/07\/IMG-20230702-WA0055-768x576-1.jpg 768w, https:\/\/vakantiehuisstobben.nl\/wp-content\/uploads\/2023\/07\/IMG-20230702-WA0055-768x576-1-300x225.jpg 300w\" sizes=\"auto, (max-width: 768px) 100vw, 768px\" \/><\/figure>\n<\/figure>\n<\/div>\n<\/div>\n\n\n\n<div class=\"wp-block-getwid-advanced-heading\" style=\"margin-bottom:45px\"><span class=\"wp-block-getwid-advanced-heading__content\" style=\"text-align:center\">Wenn Sie auf der Suche nach einem au\u00dfergew\u00f6hnlichen Urlaubserlebnis mit Familie oder Freunden sind, ist das Ferienhaus Stobben die perfekte Wahl. <br><br><a href=\"https:\/\/vakantiehuisstobben.nl\/de\/?post_type=mphb_room_type&amp;p=1599\">Buchen Sie jetzt und genie\u00dfen Sie einen unvergesslichen Urlaub in Bourtange<\/a> >><\/span><\/div>\n\n\n\n<div style=\"height:56px\" aria-hidden=\"true\" class=\"wp-block-spacer\"><\/div>\n\n\n\n<hr class=\"wp-block-separator has-css-opacity is-style-wide\"\/>\n","protected":false},"excerpt":{"rendered":"<p>Das Ferienhaus Stobben ist das ideale Ziel f\u00fcr einen erholsamen Urlaub. <br \/> In der N\u00e4he des historischen St\u00e4dtchens Bourtange gelegen, bietet das Ferienhaus eine Kombination aus Ruhe und Abenteuer. <\/p>\n","protected":false},"author":1,"featured_media":0,"parent":0,"menu_order":0,"comment_status":"closed","ping_status":"closed","template":"template-wide-page.php","meta":{"inline_featured_image":false,"footnotes":""},"class_list":["post-1978","page","type-page","status-publish","hentry"],"_links":{"self":[{"href":"https:\/\/vakantiehuisstobben.nl\/de\/wp-json\/wp\/v2\/pages\/1978","targetHints":{"allow":["GET"]}}],"collection":[{"href":"https:\/\/vakantiehuisstobben.nl\/de\/wp-json\/wp\/v2\/pages"}],"about":[{"href":"https:\/\/vakantiehuisstobben.nl\/de\/wp-json\/wp\/v2\/types\/page"}],"author":[{"embeddable":true,"href":"https:\/\/vakantiehuisstobben.nl\/de\/wp-json\/wp\/v2\/users\/1"}],"replies":[{"embeddable":true,"href":"https:\/\/vakantiehuisstobben.nl\/de\/wp-json\/wp\/v2\/comments?post=1978"}],"version-history":[{"count":2,"href":"https:\/\/vakantiehuisstobben.nl\/de\/wp-json\/wp\/v2\/pages\/1978\/revisions"}],"predecessor-version":[{"id":2065,"href":"https:\/\/vakantiehuisstobben.nl\/de\/wp-json\/wp\/v2\/pages\/1978\/revisions\/2065"}],"wp:attachment":[{"href":"https:\/\/vakantiehuisstobben.nl\/de\/wp-json\/wp\/v2\/media?parent=1978"}],"curies":[{"name":"wp","href":"https:\/\/api.w.org\/{rel}","templated":true}]}}